{"id":814,"date":"2022-07-13T17:30:09","date_gmt":"2022-07-13T17:30:09","guid":{"rendered":"http:\/\/www.radionacional.com.uy\/web\/?page_id=814"},"modified":"2024-12-03T01:54:32","modified_gmt":"2024-12-03T04:54:32","slug":"historia","status":"publish","type":"page","link":"https:\/\/www.radionacional.com.uy\/web\/historia\/","title":{"rendered":"Historia"},"content":{"rendered":"\t\t<div data-elementor-type=\"wp-page\" data-elementor-id=\"814\" class=\"elementor elementor-814\">\n\t\t\t\t\t\t<section class=\"elementor-section elementor-top-section elementor-element elementor-element-7541d1f elementor-section-boxed elementor-section-height-default elementor-section-height-default\" data-id=\"7541d1f\" data-element_type=\"section\" data-e-type=\"section\">\n\t\t\t\t\t\t<div class=\"elementor-container elementor-column-gap-default\">\n\t\t\t\t\t<div class=\"elementor-column elementor-col-100 elementor-top-column elementor-element elementor-element-0855350\" data-id=\"0855350\" data-element_type=\"column\" data-e-type=\"column\">\n\t\t\t<div class=\"elementor-widget-wrap\">\n\t\t\t\t\t\t\t<\/div>\n\t\t<\/div>\n\t\t\t\t\t<\/div>\n\t\t<\/section>\n\t\t\t\t<section class=\"elementor-section elementor-top-section elementor-element elementor-element-c58ed15 elementor-section-boxed elementor-section-height-default elementor-section-height-default\" data-id=\"c58ed15\" data-element_type=\"section\" data-e-type=\"section\">\n\t\t\t\t\t\t<div class=\"elementor-container elementor-column-gap-default\">\n\t\t\t\t\t<div class=\"elementor-column elementor-col-100 elementor-top-column elementor-element elementor-element-07f378a\" data-id=\"07f378a\" data-element_type=\"column\" data-e-type=\"column\" data-settings=\"{&quot;background_background&quot;:&quot;gradient&quot;}\">\n\t\t\t<div class=\"elementor-widget-wrap elementor-element-populated\">\n\t\t\t\t\t\t<div class=\"elementor-element elementor-element-737104b elementor-widget elementor-widget-heading\" data-id=\"737104b\" data-element_type=\"widget\" data-e-type=\"widget\" data-widget_type=\"heading.default\">\n\t\t\t\t<div class=\"elementor-widget-container\">\n\t\t\t\t\t<h2 class=\"elementor-heading-title elementor-size-default\">HISTORIA<\/h2>\t\t\t\t<\/div>\n\t\t\t\t<\/div>\n\t\t\t\t\t<\/div>\n\t\t<\/div>\n\t\t\t\t\t<\/div>\n\t\t<\/section>\n\t\t\t\t<section class=\"elementor-section elementor-top-section elementor-element elementor-element-e6f5b24 elementor-section-boxed elementor-section-height-default elementor-section-height-default\" data-id=\"e6f5b24\" data-element_type=\"section\" data-e-type=\"section\">\n\t\t\t\t\t\t<div class=\"elementor-container elementor-column-gap-default\">\n\t\t\t\t\t<div class=\"elementor-column elementor-col-100 elementor-top-column elementor-element elementor-element-4d214e7\" data-id=\"4d214e7\" data-element_type=\"column\" data-e-type=\"column\">\n\t\t\t<div class=\"elementor-widget-wrap elementor-element-populated\">\n\t\t\t\t\t\t<div class=\"elementor-element elementor-element-e2683f9 elementor-widget-divider--view-line elementor-widget elementor-widget-divider\" data-id=\"e2683f9\" data-element_type=\"widget\" data-e-type=\"widget\" data-widget_type=\"divider.default\">\n\t\t\t\t<div class=\"elementor-widget-container\">\n\t\t\t\t\t\t\t<div class=\"elementor-divider\">\n\t\t\t<span class=\"elementor-divider-separator\">\n\t\t\t\t\t\t<\/span>\n\t\t<\/div>\n\t\t\t\t\t\t<\/div>\n\t\t\t\t<\/div>\n\t\t\t\t\t<\/div>\n\t\t<\/div>\n\t\t\t\t\t<\/div>\n\t\t<\/section>\n\t\t\t\t<section class=\"elementor-section elementor-top-section elementor-element elementor-element-8840d0d elementor-section-boxed elementor-section-height-default elementor-section-height-default\" data-id=\"8840d0d\" data-element_type=\"section\" data-e-type=\"section\">\n\t\t\t\t\t\t<div class=\"elementor-container elementor-column-gap-default\">\n\t\t\t\t\t<div class=\"elementor-column elementor-col-100 elementor-top-column elementor-element elementor-element-ec37a6b\" data-id=\"ec37a6b\" data-element_type=\"column\" data-e-type=\"column\" data-settings=\"{&quot;background_background&quot;:&quot;classic&quot;}\">\n\t\t\t<div class=\"elementor-widget-wrap elementor-element-populated\">\n\t\t\t\t\t\t<div class=\"elementor-element elementor-element-9195c1c elementor-position-left elementor-vertical-align-top elementor-vertical-align-top elementor-widget elementor-widget-image-box\" data-id=\"9195c1c\" data-element_type=\"widget\" data-e-type=\"widget\" data-widget_type=\"image-box.default\">\n\t\t\t\t<div class=\"elementor-widget-container\">\n\t\t\t\t\t<div class=\"elementor-image-box-wrapper\"><figure class=\"elementor-image-box-img\"><img fetchpriority=\"high\" decoding=\"async\" width=\"1920\" height=\"1080\" src=\"https:\/\/www.radionacional.com.uy\/web\/wp-content\/uploads\/2022\/07\/123-1.png\" class=\"attachment-full size-full wp-image-502\" alt=\"\" srcset=\"https:\/\/www.radionacional.com.uy\/web\/wp-content\/uploads\/2022\/07\/123-1.png 1920w, https:\/\/www.radionacional.com.uy\/web\/wp-content\/uploads\/2022\/07\/123-1-300x169.png 300w, https:\/\/www.radionacional.com.uy\/web\/wp-content\/uploads\/2022\/07\/123-1-1024x576.png 1024w, https:\/\/www.radionacional.com.uy\/web\/wp-content\/uploads\/2022\/07\/123-1-768x432.png 768w, https:\/\/www.radionacional.com.uy\/web\/wp-content\/uploads\/2022\/07\/123-1-1536x864.png 1536w\" sizes=\"(max-width: 1920px) 100vw, 1920px\" \/><\/figure><div class=\"elementor-image-box-content\"><h3 class=\"elementor-image-box-title\">Comienzos<\/h3><p class=\"elementor-image-box-description\">En 1925, mientras el pa\u00eds conmemoraba el Centenario de la Declaratoria de la Independencia, sal\u00eda al aire por primera vez CX30 Radio Nacional. Su impulsora fue Ang\u00e9lica Silva, quien cuatro a\u00f1os m\u00e1s tarde, ser\u00eda la primera mujer uruguaya en salir al aire en una emisora.\n\nEn 1939 la emisora se muda a la Avenida 18 de Julio 1764 y all\u00ed se instala la primera fonoplatea radial del Uruguay.<\/p><\/div><\/div>\t\t\t\t<\/div>\n\t\t\t\t<\/div>\n\t\t\t\t\t<\/div>\n\t\t<\/div>\n\t\t\t\t\t<\/div>\n\t\t<\/section>\n\t\t\t\t<section class=\"elementor-section elementor-top-section elementor-element elementor-element-9e9fe84 elementor-section-boxed elementor-section-height-default elementor-section-height-default\" data-id=\"9e9fe84\" data-element_type=\"section\" data-e-type=\"section\">\n\t\t\t\t\t\t<div class=\"elementor-container elementor-column-gap-default\">\n\t\t\t\t\t<div class=\"elementor-column elementor-col-100 elementor-top-column elementor-element elementor-element-9e3d90b\" data-id=\"9e3d90b\" data-element_type=\"column\" data-e-type=\"column\" data-settings=\"{&quot;background_background&quot;:&quot;classic&quot;}\">\n\t\t\t<div class=\"elementor-widget-wrap elementor-element-populated\">\n\t\t\t\t\t\t<div class=\"elementor-element elementor-element-bd059a4 elementor-widget elementor-widget-text-editor\" data-id=\"bd059a4\" data-element_type=\"widget\" data-e-type=\"widget\" data-widget_type=\"text-editor.default\">\n\t\t\t\t<div class=\"elementor-widget-container\">\n\t\t\t\t\t\t\t\t\t<p>\u00abLa Radio\u00bb<\/p>\t\t\t\t\t\t\t\t<\/div>\n\t\t\t\t<\/div>\n\t\t\t\t<div class=\"elementor-element elementor-element-bf5ee67 elementor-widget elementor-widget-text-editor\" data-id=\"bf5ee67\" data-element_type=\"widget\" data-e-type=\"widget\" data-widget_type=\"text-editor.default\">\n\t\t\t\t<div class=\"elementor-widget-container\">\n\t\t\t\t\t\t\t\t\t<p style=\"text-align: left;\">En febrero de 1973\u00a0Germ\u00e1n Ara\u00fajo\u00a0se hace cargo de la radio durante nueve d\u00edas antes del golpe militar, en esos d\u00edas decide cancelar y trasladar a Radio Am\u00e9rica toda la programaci\u00f3n para contar con una programaci\u00f3n absolutamente period\u00edstica, esta radio comienza su nueva etapa el 2 de mayo de ese mismo a\u00f1o, esta etapa traer\u00eda problemas y prohibiciones de parte del gobierno que tres d\u00edas m\u00e1s tarde de iniciada decide prohibir la utilizaci\u00f3n de la denominaci\u00f3n \u201cRadio Nacional\u201d por entenderse que podr\u00eda confundirse con una emisora oficial del SODRE, debido a esta prohibici\u00f3n pasa a llamarse \u201cLa Radio\u201d.<\/p><p style=\"text-align: left;\">Ese a\u00f1o, La Radio, volver\u00eda a ser pionera, transmitiendo por primera vez en Uruguay las sesiones del Parlamento. Esto estaba prohibido transmitirlo de forma simult\u00e1nea.Por eso se instalaron en la oficina del senador Wilson Ferreira, periodistas con sus respectivos auriculares ante el parlante del despacho y cada uno de ellos interpretaba a los diferentes legisladores.<\/p><p style=\"text-align: left;\">El\u00a027 de junio\u00a0de\u00a01973\u00a0se produce el\u00a0Golpe de Estado\u00a0y se inicia uno de los periodos m\u00e1s oscuros de la historia reciente del Uruguay. En septiembre La Radio, es sancionada y cierra su emisi\u00f3n por una semana, la sanci\u00f3n fue por difundir las noticias del\u00a0Golpe de Estado en Chile de 1973\u00a0y el asesinato de\u00a0Salvador Allende. Aun as\u00ed, era de las radios l\u00edderes en audiencia.<sup id=\"cite_ref-1\" class=\"reference separada\"><a href=\"https:\/\/es.wikipedia.org\/wiki\/CX_30_Radio_Nacional#cite_note-1\">1<\/a><\/sup><\/p><p style=\"text-align: left;\">La radio, cumpli\u00f3 un rol muy importante de resistencia durante la\u00a0dictadura c\u00edvico-militar, como tambi\u00e9n el triunfo del no, durante el\u00a0plebiscito constitucional de Uruguay de 1980.<\/p>\t\t\t\t\t\t\t\t<\/div>\n\t\t\t\t<\/div>\n\t\t\t\t\t<\/div>\n\t\t<\/div>\n\t\t\t\t\t<\/div>\n\t\t<\/section>\n\t\t\t\t<\/div>\n\t\t","protected":false},"excerpt":{"rendered":"<p>HISTORIA Comienzos En 1925, mientras el pa\u00eds conmemoraba el Centenario de la Declaratoria de la Independencia, sal\u00eda al aire por primera vez CX30 Radio Nacional. Su impulsora fue Ang\u00e9lica Silva, quien cuatro a\u00f1os m\u00e1s tarde, ser\u00eda la primera mujer uruguaya en salir al aire en una emisora. En 1939 la emisora se muda a la [&hellip;]<\/p>\n","protected":false},"author":2,"featured_media":0,"parent":0,"menu_order":0,"comment_status":"closed","ping_status":"closed","template":"","meta":{"site-sidebar-layout":"default","site-content-layout":"","ast-site-content-layout":"default","site-content-style":"default","site-sidebar-style":"default","ast-global-header-display":"","ast-banner-title-visibility":"","ast-main-header-display":"","ast-hfb-above-header-display":"","ast-hfb-below-header-display":"","ast-hfb-mobile-header-display":"","site-post-title":"disabled","ast-breadcrumbs-content":"","ast-featured-img":"","footer-sml-layout":"","ast-disable-related-posts":"","theme-transparent-header-meta":"","adv-header-id-meta":"","stick-header-meta":"","header-above-stick-meta":"","header-main-stick-meta":"","header-below-stick-meta":"","astra-migrate-meta-layouts":"default","ast-page-background-enabled":"default","ast-page-background-meta":{"desktop":{"background-color":"","background-image":"","background-repeat":"repeat","background-position":"center center","background-size":"auto","background-attachment":"scroll","background-type":"","background-media":"","overlay-type":"","overlay-color":"","overlay-opacity":"","overlay-gradient":""},"tablet":{"background-color":"","background-image":"","background-repeat":"repeat","background-position":"center center","background-size":"auto","background-attachment":"scroll","background-type":"","background-media":"","overlay-type":"","overlay-color":"","overlay-opacity":"","overlay-gradient":""},"mobile":{"background-color":"","background-image":"","background-repeat":"repeat","background-position":"center center","background-size":"auto","background-attachment":"scroll","background-type":"","background-media":"","overlay-type":"","overlay-color":"","overlay-opacity":"","overlay-gradient":""}},"ast-content-background-meta":{"desktop":{"background-color":"var(--ast-global-color-5)","background-image":"","background-repeat":"repeat","background-position":"center center","background-size":"auto","background-attachment":"scroll","background-type":"","background-media":"","overlay-type":"","overlay-color":"","overlay-opacity":"","overlay-gradient":""},"tablet":{"background-color":"var(--ast-global-color-5)","background-image":"","background-repeat":"repeat","background-position":"center center","background-size":"auto","background-attachment":"scroll","background-type":"","background-media":"","overlay-type":"","overlay-color":"","overlay-opacity":"","overlay-gradient":""},"mobile":{"background-color":"var(--ast-global-color-5)","background-image":"","background-repeat":"repeat","background-position":"center center","background-size":"auto","background-attachment":"scroll","background-type":"","background-media":"","overlay-type":"","overlay-color":"","overlay-opacity":"","overlay-gradient":""}},"footnotes":""},"class_list":["post-814","page","type-page","status-publish","hentry"],"_links":{"self":[{"href":"https:\/\/www.radionacional.com.uy\/web\/wp-json\/wp\/v2\/pages\/814","targetHints":{"allow":["GET"]}}],"collection":[{"href":"https:\/\/www.radionacional.com.uy\/web\/wp-json\/wp\/v2\/pages"}],"about":[{"href":"https:\/\/www.radionacional.com.uy\/web\/wp-json\/wp\/v2\/types\/page"}],"author":[{"embeddable":true,"href":"https:\/\/www.radionacional.com.uy\/web\/wp-json\/wp\/v2\/users\/2"}],"replies":[{"embeddable":true,"href":"https:\/\/www.radionacional.com.uy\/web\/wp-json\/wp\/v2\/comments?post=814"}],"version-history":[{"count":158,"href":"https:\/\/www.radionacional.com.uy\/web\/wp-json\/wp\/v2\/pages\/814\/revisions"}],"predecessor-version":[{"id":2280,"href":"https:\/\/www.radionacional.com.uy\/web\/wp-json\/wp\/v2\/pages\/814\/revisions\/2280"}],"wp:attachment":[{"href":"https:\/\/www.radionacional.com.uy\/web\/wp-json\/wp\/v2\/media?parent=814"}],"curies":[{"name":"wp","href":"https:\/\/api.w.org\/{rel}","templated":true}]}}